{"id":1356,"date":"2025-01-15T02:19:33","date_gmt":"2025-01-15T02:19:33","guid":{"rendered":"https:\/\/demo.casethemes.net\/vastcon\/?page_id=1356"},"modified":"2025-08-22T15:52:57","modified_gmt":"2025-08-22T15:52:57","slug":"company-history","status":"publish","type":"page","link":"https:\/\/osmanogluinsaatkibris.com\/en\/company-history\/","title":{"rendered":"Our History"},"content":{"rendered":"<div data-elementor-type=\"wp-page\" data-elementor-id=\"1356\" class=\"elementor elementor-1356\">\n\t\t\t\t<div class=\"elementor-element elementor-element-62086d0 e-flex e-con-boxed pxl-row-scroll-none pxl-column-none pxl-full-content-with-space-none e-con e-parent\" data-id=\"62086d0\" data-element_type=\"container\">\t\t\t<div class=\"e-con-inner\">\r\n\t\t \t\t<div class=\"elementor-element elementor-element-d8d8a4b elementor-widget elementor-widget-pxl_history\" data-id=\"d8d8a4b\" data-element_type=\"widget\" data-widget_type=\"pxl_history.default\">\n\t\t\t\t<div class=\"elementor-widget-container\">\n\t\t\t\t\t<div class=\"pxl-history\">\r\n    <div class=\"line\"><\/div>\r\n            <div class=\"pxl-history-l1\" data-wow-delay=\"ms\">\r\n                            <div class=\"entry-body pxl-item--flexnw\">\r\n                                            <div class=\"pxl-item--image wow fadeInUp\" >\r\n                            <img decoding=\"async\" class=\"no-lazyload\" src=\"https:\/\/osmanogluinsaatkibris.com\/wp-content\/uploads\/2025\/01\/history1.jpg\" width=\"0\" height=\"0\" alt=\"history1\" title=\"history1\" \/>                        <\/div>\r\n                                        <div class=\"wrap-center pxl-text-center\">\r\n                        <div class=\"date pxl-flex-center\">\r\n                            2004                        <\/div>\r\n                    <\/div>\r\n                    <div class=\"wrap-content\">\r\n                        <h3 class=\"title wow fadeInUp\">Laying the Foundations<\/h3>\r\n                        <p class=\"desc wow fadeInUp\">The first step into contracting services was taken. Architectural, structural, electrical, and mechanical project services were offered. A foundation of quality and trust was laid.<\/p>\r\n                    <\/a>\r\n                <\/div>\r\n            <\/div>\r\n                        <div class=\"entry-body pxl-item--flexnw\">\r\n                                            <div class=\"pxl-item--image wow fadeInUp\" >\r\n                            <img decoding=\"async\" class=\"no-lazyload\" src=\"https:\/\/osmanogluinsaatkibris.com\/wp-content\/uploads\/2025\/01\/history2.jpg\" width=\"0\" height=\"0\" alt=\"history2\" title=\"history2\" \/>                        <\/div>\r\n                                        <div class=\"wrap-center pxl-text-center\">\r\n                        <div class=\"date pxl-flex-center\">\r\n                            2009                        <\/div>\r\n                    <\/div>\r\n                    <div class=\"wrap-content\">\r\n                        <h3 class=\"title wow fadeInUp\"> First Projects Implemented<\/h3>\r\n                        <p class=\"desc wow fadeInUp\"> Its first project, OSM 1 Apartment Building (Marmara), was completed. Subsequent projects, OSM 2, OSM 3, and OSM 4 (K\u00fc\u00e7\u00fck Kaymakl\u0131), further enhanced brand awareness. OSM 5 and OSM 6 (Ortak\u00f6y) were completed in 2011, and OSM 7 and OSM 8 (Marmara) in 2012. <\/p>\r\n                    <\/a>\r\n                <\/div>\r\n            <\/div>\r\n                        <div class=\"entry-body pxl-item--flexnw\">\r\n                                            <div class=\"pxl-item--image wow fadeInUp\" >\r\n                            <img decoding=\"async\" class=\"no-lazyload\" src=\"https:\/\/osmanogluinsaatkibris.com\/wp-content\/uploads\/2025\/01\/history3.jpg\" width=\"0\" height=\"0\" alt=\"history3\" title=\"history3\" \/>                        <\/div>\r\n                                        <div class=\"wrap-center pxl-text-center\">\r\n                        <div class=\"date pxl-flex-center\">\r\n                            2013                        <\/div>\r\n                    <\/div>\r\n                    <div class=\"wrap-content\">\r\n                        <h3 class=\"title wow fadeInUp\">Expanding Portfolio<\/h3>\r\n                        <p class=\"desc wow fadeInUp\"> The number of annual projects increased. A total of 6 apartment projects between OSM 9 and OSM 14 were successfully completed. The bar was raised in customer satisfaction. In 2013, OSM 9 (Yenikent), OSM 10 (K\u00fc\u00e7\u00fck Kaymakl\u0131), and OSM 11 (Ortak\u00f6y) projects were completed. In 2014, OSM 12, 13 (Ortak\u00f6y), and OSM 14 (Marmara) were launched. In 2015, OSM 15 (Dereboyu), OSM 16 (Ortak\u00f6y), OSM 17 (K\u00fc\u00e7\u00fck Kaymakl\u0131), and OSM 18\u201319 (Ortak\u00f6y) projects were completed. In 2016, OSM 20 (Yenikent), OSM 21 (Dereboyu), and 3 villas in G\u00f6nyeli were completed.<\/p>\r\n                    <\/a>\r\n                <\/div>\r\n            <\/div>\r\n                        <div class=\"entry-body pxl-item--flexnw\">\r\n                                            <div class=\"pxl-item--image wow fadeInUp\" >\r\n                            <img loading=\"lazy\" decoding=\"async\" class=\"no-lazyload\" src=\"https:\/\/osmanogluinsaatkibris.com\/wp-content\/uploads\/2025\/01\/history4.jpg\" width=\"0\" height=\"0\" alt=\"history4\" title=\"history4\" \/>                        <\/div>\r\n                                        <div class=\"wrap-center pxl-text-center\">\r\n                        <div class=\"date pxl-flex-center\">\r\n                             2017                        <\/div>\r\n                    <\/div>\r\n                    <div class=\"wrap-content\">\r\n                        <h3 class=\"title wow fadeInUp\">New Generation Housing Projects<\/h3>\r\n                        <p class=\"desc wow fadeInUp\"> The Elite Homes 1 site offers modern and comfortable living spaces. Projects OSM 22 through OSM 26 were launched with this series. In 2018, OSM 27 (Ortak\u00f6y), OSM 28 (Girne), and five luxury villas: Ayhan Efendi Villas, were completed in Ozank\u00f6y. In 2019, OSM 29 and OSM 30 (Dereboyu) projects were completed. In 2020\u20132021, Elite Homes 2 and OSM 31\u201337 (Aydemet) projects were launched.<\/p>\r\n                    <\/a>\r\n                <\/div>\r\n            <\/div>\r\n                        <div class=\"entry-body pxl-item--flexnw\">\r\n                                            <div class=\"pxl-item--image wow fadeInUp\" >\r\n                            <img loading=\"lazy\" decoding=\"async\" class=\"no-lazyload\" src=\"https:\/\/osmanogluinsaatkibris.com\/wp-content\/uploads\/2025\/01\/history5.jpg\" width=\"0\" height=\"0\" alt=\"history5\" title=\"history5\" \/>                        <\/div>\r\n                                        <div class=\"wrap-center pxl-text-center\">\r\n                        <div class=\"date pxl-flex-center\">\r\n                            2021                        <\/div>\r\n                    <\/div>\r\n                    <div class=\"wrap-content\">\r\n                        <h3 class=\"title wow fadeInUp\">New Brand: \u0130OS Coffee<\/h3>\r\n                        <p class=\"desc wow fadeInUp\"> \u0130OS Coffee, the first non-construction brand, was founded. The brand quickly established its own audience and became a pioneer in sectoral diversification.<\/p>\r\n                    <\/a>\r\n                <\/div>\r\n            <\/div>\r\n                        <div class=\"entry-body pxl-item--flexnw\">\r\n                                            <div class=\"pxl-item--image wow fadeInUp\" >\r\n                            <img loading=\"lazy\" decoding=\"async\" class=\"no-lazyload\" src=\"https:\/\/osmanogluinsaatkibris.com\/wp-content\/uploads\/2025\/01\/history7.jpg\" width=\"0\" height=\"0\" alt=\"history7\" title=\"history7\" \/>                        <\/div>\r\n                                        <div class=\"wrap-center pxl-text-center\">\r\n                        <div class=\"date pxl-flex-center\">\r\n                            2023                        <\/div>\r\n                    <\/div>\r\n                    <div class=\"wrap-content\">\r\n                        <h3 class=\"title wow fadeInUp\"> Expertise in Luxury Villas<\/h3>\r\n                        <p class=\"desc wow fadeInUp\"> Projects like Elite Homes 2 Villas and Ayhan Efendi Villas made a strong entry into the luxury villa segment. They distinguished themselves with personalized solutions. In 2022\u20132023, Elite Homes 2 Villas, a total of eight detached villas, were completed. In 2024, sea view villa projects were launched in OSM 38 (Dereboyu) and Edremit, Kyrenia.<\/p>\r\n                    <\/a>\r\n                <\/div>\r\n            <\/div>\r\n                        <div class=\"entry-body pxl-item--flexnw\">\r\n                                            <div class=\"pxl-item--image wow fadeInUp\" >\r\n                            <img loading=\"lazy\" decoding=\"async\" class=\"no-lazyload\" src=\"https:\/\/osmanogluinsaatkibris.com\/wp-content\/uploads\/2025\/01\/history8.jpg\" width=\"0\" height=\"0\" alt=\"history8\" title=\"history8\" \/>                        <\/div>\r\n                                        <div class=\"wrap-center pxl-text-center\">\r\n                        <div class=\"date pxl-flex-center\">\r\n                            2025                        <\/div>\r\n                    <\/div>\r\n                    <div class=\"wrap-content\">\r\n                        <h3 class=\"title wow fadeInUp\"> A New Era with Osmano\u011flu 41<\/h3>\r\n                        <p class=\"desc wow fadeInUp\">The Osmano\u011flu 41 (Dereboyu Life) project combines design, location, and lifestyle concepts. A visionary living space is offered in the heart of Ortak\u00f6y Dereboyu. Elite Homes 3 \u2013 OSM 39 and 40 (Aydemet) and OSM 41 (Dereboyu) projects will be launched in 2025.<\/p>\r\n                    <\/a>\r\n                <\/div>\r\n            <\/div>\r\n            <\/div>\r\n\r\n<\/div>\r\n\t\t\t\t<\/div>\n\t\t\t\t<\/div>\n\t\t\t\t\t<\/div>\r\n\t\t\t\t<\/div>\r\n\t\t\t\t<\/div>","protected":false},"excerpt":{"rendered":"<p>2004 Temellerin At\u0131lmas\u0131 M\u00fcteahhitlik hizmetlerine ilk ad\u0131m at\u0131ld\u0131. Mimari, statik, elektrik ve mekanik proje hizmetleri verilmeye ba\u015fland\u0131. Kalite ve g\u00fcvene dayal\u0131 temeller at\u0131ld\u0131 2009 \u0130lk Projeler Hayata Ge\u00e7ti \u0130lk kendi projesi olan OSM 1 Apartman\u0131 (Marmara) tamamland\u0131. Ard\u0131ndan gelen OSM 2, OSM 3 ve OSM 4 (K\u00fc\u00e7\u00fck Kaymakl\u0131) projeleriyle marka bilinilirli\u011fi artt\u0131. 2011\u2019de OSM 5 [&hellip;]<\/p>","protected":false},"author":1,"featured_media":0,"parent":0,"menu_order":0,"comment_status":"closed","ping_status":"closed","template":"","meta":{"footnotes":""},"class_list":["post-1356","page","type-page","status-publish","hentry"],"aioseo_notices":[],"_links":{"self":[{"href":"https:\/\/osmanogluinsaatkibris.com\/en\/wp-json\/wp\/v2\/pages\/1356","targetHints":{"allow":["GET"]}}],"collection":[{"href":"https:\/\/osmanogluinsaatkibris.com\/en\/wp-json\/wp\/v2\/pages"}],"about":[{"href":"https:\/\/osmanogluinsaatkibris.com\/en\/wp-json\/wp\/v2\/types\/page"}],"author":[{"embeddable":true,"href":"https:\/\/osmanogluinsaatkibris.com\/en\/wp-json\/wp\/v2\/users\/1"}],"replies":[{"embeddable":true,"href":"https:\/\/osmanogluinsaatkibris.com\/en\/wp-json\/wp\/v2\/comments?post=1356"}],"version-history":[{"count":4,"href":"https:\/\/osmanogluinsaatkibris.com\/en\/wp-json\/wp\/v2\/pages\/1356\/revisions"}],"predecessor-version":[{"id":15399,"href":"https:\/\/osmanogluinsaatkibris.com\/en\/wp-json\/wp\/v2\/pages\/1356\/revisions\/15399"}],"wp:attachment":[{"href":"https:\/\/osmanogluinsaatkibris.com\/en\/wp-json\/wp\/v2\/media?parent=1356"}],"curies":[{"name":"wp","href":"https:\/\/api.w.org\/{rel}","templated":true}]}}