{"id":16091,"date":"2025-09-05T12:32:42","date_gmt":"2025-09-05T12:32:42","guid":{"rendered":"https:\/\/osmanogluinsaatkibris.com\/?page_id=16091"},"modified":"2025-09-05T12:38:21","modified_gmt":"2025-09-05T12:38:21","slug":"satistaki-projeler","status":"publish","type":"page","link":"https:\/\/osmanogluinsaatkibris.com\/en\/satistaki-projeler\/","title":{"rendered":"Projects on Sale"},"content":{"rendered":"<div data-elementor-type=\"wp-page\" data-elementor-id=\"16091\" class=\"elementor elementor-16091\">\n\t\t\t\t<div class=\"elementor-element elementor-element-72941fa e-flex e-con-boxed pxl-row-scroll-none pxl-column-none pxl-full-content-with-space-none e-con e-parent\" data-id=\"72941fa\" data-element_type=\"container\">\t\t\t<div class=\"e-con-inner\">\r\n\t\t \t\t<div class=\"elementor-element elementor-element-ba33149 elementor-widget elementor-widget-pxl_heading\" data-id=\"ba33149\" data-element_type=\"widget\" data-widget_type=\"pxl_heading.default\">\n\t\t\t\t<div class=\"elementor-widget-container\">\n\t\t\t\t\t\n<div id=\"pxl-pxl_heading-ba33149-4245\" class=\"pxl-heading px-sub-title-default-style\">\n\t<div class=\"pxl-heading--inner\">\n\t\t\n\t\t<h2 class=\"pxl-item--title style-default  highlight-default pxl-split-text split-words-scale\" data-wow-delay=\"ms\">\n\t\t\t\t\tOUR PROJECTS FOR SALE\t\n\t\t\t\n\t\t<\/h2>\n\t\t\n\t<\/div>\n<\/div>\t\t\t\t<\/div>\n\t\t\t\t<\/div>\n\t\t\t\t<div class=\"elementor-element elementor-element-97c3064 pxl-post-layout-portfolio-1 elementor-widget elementor-widget-pxl_post_grid\" data-id=\"97c3064\" data-element_type=\"widget\" data-widget_type=\"pxl_post_grid.default\">\n\t\t\t\t<div class=\"elementor-widget-container\">\n\t\t\t\t\t\n<div id=\"pxl_post_grid-97c3064-2333\" class=\"pxl-grid pxl-portfolio-grid pxl-portfolio-grid-layout1 pxl-portfolio-style1\" data-start-page=\"1\" data-max-pages=\"1\" data-total=\"6\" data-perpage=\"18\" data-next-link=\"\" data-layout=\"masonry\">\n    \n    <div class=\"pxl-grid-inner pxl-grid-masonry row\" data-gutter=\"15\">\n        <div class=\"grid-sizer col-xl-4 col-lg-4 col-md-6 col-sm-12 col-12\"><\/div>\n                        <div class=\"pxl-grid-item col-xl-4 col-lg-4 col-md-6 col-sm-12 col-12 satis\">\n                    <div class=\"pxl-post--inner wow fadeInUp\" data-wow-duration=\"1.2s\">\n                        <div class=\"pxl-post--featured\">\n                            <a href=\"https:\/\/osmanogluinsaatkibris.com\/en\/portfolio\/dereboyu-life-by-osmanoglu-42\/\">   \n                                <img fetchpriority=\"high\" decoding=\"async\" class=\"no-lazyload\" src=\"https:\/\/osmanogluinsaatkibris.com\/wp-content\/uploads\/2025\/09\/1-767x767.jpg\" width=\"767\" height=\"767\" alt=\"1\" title=\"1\" \/>                            <\/a>    \n                        <\/div>\n                        <div class=\"pxl-post--holder\">\n                                                            <div class=\"pxl-post--category\">\n                                    <a href=\"https:\/\/osmanogluinsaatkibris.com\/en\/portfolio\/satis\/\" rel=\"tag\">Sales<\/a>                                <\/div>\n                                                        <h3 class=\"pxl-post--title\">\n                                <a href=\"https:\/\/osmanogluinsaatkibris.com\/en\/portfolio\/dereboyu-life-by-osmanoglu-42\/\">Dereboyu Life By Osmano\u011flu 42<\/a>\n                            <\/h3>\n                                                            <div class=\"pxl-post--content\">\n                                                                            Luxurious villas with sea views and private gardens.                                                                    <\/div>\n                                                        <a class=\"btn-readmore\" href=\"https:\/\/osmanogluinsaatkibris.com\/en\/portfolio\/dereboyu-life-by-osmanoglu-42\/\">   \n                                <svg xmlns=\"http:\/\/www.w3.org\/2000\/svg\" width=\"16\" height=\"15\" viewbox=\"0 0 16 15\" fill=\"none\">\n                                  <path d=\"M13.0044 4.26004L2.26441 15L0.5 13.2356L11.2387 2.49563H1.77402V0H15.5V13.726H13.0044V4.26004Z\" fill=\"white\"\/>\n                              <\/svg>\n                          <\/a>\n                      <\/div>\n                  <\/div>\n              <\/div>\n                                <div class=\"pxl-grid-item col-xl-4 col-lg-4 col-md-6 col-sm-12 col-12 satis\">\n                    <div class=\"pxl-post--inner wow fadeInUp\" data-wow-duration=\"1.2s\">\n                        <div class=\"pxl-post--featured\">\n                            <a href=\"https:\/\/osmanogluinsaatkibris.com\/en\/portfolio\/edremit-e-luxe-villas\/\">   \n                                <img decoding=\"async\" class=\"no-lazyload\" src=\"https:\/\/osmanogluinsaatkibris.com\/wp-content\/uploads\/2025\/08\/WhatsApp-Gorsel-2025-08-21-saat-16.56.04_dea98c2b-767x767.jpg\" width=\"767\" height=\"767\" alt=\"WhatsApp G\u00f6rsel 2025-08-21 saat 16.56.04_dea98c2b\" title=\"WhatsApp Image 2025-08-21 at 16.56.04_dea98c2b\" \/>                            <\/a>    \n                        <\/div>\n                        <div class=\"pxl-post--holder\">\n                                                            <div class=\"pxl-post--category\">\n                                    <a href=\"https:\/\/osmanogluinsaatkibris.com\/en\/portfolio\/satis\/\" rel=\"tag\">Sales<\/a>                                <\/div>\n                                                        <h3 class=\"pxl-post--title\">\n                                <a href=\"https:\/\/osmanogluinsaatkibris.com\/en\/portfolio\/edremit-e-luxe-villas\/\">Edremit E-Luxe Villas<\/a>\n                            <\/h3>\n                                                            <div class=\"pxl-post--content\">\n                                                                            A new lifestyle in Edremit with modern design and special equipment.                                                                    <\/div>\n                                                        <a class=\"btn-readmore\" href=\"https:\/\/osmanogluinsaatkibris.com\/en\/portfolio\/edremit-e-luxe-villas\/\">   \n                                <svg xmlns=\"http:\/\/www.w3.org\/2000\/svg\" width=\"16\" height=\"15\" viewbox=\"0 0 16 15\" fill=\"none\">\n                                  <path d=\"M13.0044 4.26004L2.26441 15L0.5 13.2356L11.2387 2.49563H1.77402V0H15.5V13.726H13.0044V4.26004Z\" fill=\"white\"\/>\n                              <\/svg>\n                          <\/a>\n                      <\/div>\n                  <\/div>\n              <\/div>\n                                <div class=\"pxl-grid-item col-xl-4 col-lg-4 col-md-6 col-sm-12 col-12 satis\">\n                    <div class=\"pxl-post--inner wow fadeInUp\" data-wow-duration=\"1.2s\">\n                        <div class=\"pxl-post--featured\">\n                            <a href=\"https:\/\/osmanogluinsaatkibris.com\/en\/portfolio\/dereboyu-life-by-osmanoglu-41\/\">   \n                                <img decoding=\"async\" class=\"no-lazyload\" src=\"https:\/\/osmanogluinsaatkibris.com\/wp-content\/uploads\/2025\/08\/WhatsApp-Gorsel-2025-08-21-saat-16.56.04_4dd9f9f8-767x767.jpg\" width=\"767\" height=\"767\" alt=\"WhatsApp G\u00f6rsel 2025-08-21 saat 16.56.04_4dd9f9f8\" title=\"WhatsApp Image 2025-08-21 at 16.56.04_4dd9f9f8\" \/>                            <\/a>    \n                        <\/div>\n                        <div class=\"pxl-post--holder\">\n                                                            <div class=\"pxl-post--category\">\n                                    <a href=\"https:\/\/osmanogluinsaatkibris.com\/en\/portfolio\/satis\/\" rel=\"tag\">Sales<\/a>                                <\/div>\n                                                        <h3 class=\"pxl-post--title\">\n                                <a href=\"https:\/\/osmanogluinsaatkibris.com\/en\/portfolio\/dereboyu-life-by-osmanoglu-41\/\">Dereboyu Life By Osmano\u011flu 41<\/a>\n                            <\/h3>\n                                                            <div class=\"pxl-post--content\">\n                                                                            A modern living space in the heart of Dereboyu, offering a combination of nature and city life.                                                                    <\/div>\n                                                        <a class=\"btn-readmore\" href=\"https:\/\/osmanogluinsaatkibris.com\/en\/portfolio\/dereboyu-life-by-osmanoglu-41\/\">   \n                                <svg xmlns=\"http:\/\/www.w3.org\/2000\/svg\" width=\"16\" height=\"15\" viewbox=\"0 0 16 15\" fill=\"none\">\n                                  <path d=\"M13.0044 4.26004L2.26441 15L0.5 13.2356L11.2387 2.49563H1.77402V0H15.5V13.726H13.0044V4.26004Z\" fill=\"white\"\/>\n                              <\/svg>\n                          <\/a>\n                      <\/div>\n                  <\/div>\n              <\/div>\n                                <div class=\"pxl-grid-item col-xl-4 col-lg-4 col-md-6 col-sm-12 col-12 satis\">\n                    <div class=\"pxl-post--inner wow fadeInUp\" data-wow-duration=\"1.2s\">\n                        <div class=\"pxl-post--featured\">\n                            <a href=\"https:\/\/osmanogluinsaatkibris.com\/en\/portfolio\/nature-villas-by-osmanoglu\/\">   \n                                <img loading=\"lazy\" decoding=\"async\" class=\"no-lazyload\" src=\"https:\/\/osmanogluinsaatkibris.com\/wp-content\/uploads\/2025\/08\/WhatsApp-Gorsel-2025-08-21-saat-16.56.04_5648a17f-767x767.jpg\" width=\"767\" height=\"767\" alt=\"naturevillas\" title=\"naturevillas\" \/>                            <\/a>    \n                        <\/div>\n                        <div class=\"pxl-post--holder\">\n                                                            <div class=\"pxl-post--category\">\n                                    <a href=\"https:\/\/osmanogluinsaatkibris.com\/en\/portfolio\/satis\/\" rel=\"tag\">Sales<\/a>                                <\/div>\n                                                        <h3 class=\"pxl-post--title\">\n                                <a href=\"https:\/\/osmanogluinsaatkibris.com\/en\/portfolio\/nature-villas-by-osmanoglu\/\">Nature Villas By Osmano\u011flu<\/a>\n                            <\/h3>\n                                                            <div class=\"pxl-post--content\">\n                                                                            15 detached villas in Alayk\u00f6y offer a modern living opportunity with 190 m\u00b2 of living space and only 5 minutes from the city center.                                                                    <\/div>\n                                                        <a class=\"btn-readmore\" href=\"https:\/\/osmanogluinsaatkibris.com\/en\/portfolio\/nature-villas-by-osmanoglu\/\">   \n                                <svg xmlns=\"http:\/\/www.w3.org\/2000\/svg\" width=\"16\" height=\"15\" viewbox=\"0 0 16 15\" fill=\"none\">\n                                  <path d=\"M13.0044 4.26004L2.26441 15L0.5 13.2356L11.2387 2.49563H1.77402V0H15.5V13.726H13.0044V4.26004Z\" fill=\"white\"\/>\n                              <\/svg>\n                          <\/a>\n                      <\/div>\n                  <\/div>\n              <\/div>\n                                <div class=\"pxl-grid-item col-xl-4 col-lg-4 col-md-6 col-sm-12 col-12 satis\">\n                    <div class=\"pxl-post--inner wow fadeInUp\" data-wow-duration=\"1.2s\">\n                        <div class=\"pxl-post--featured\">\n                            <a href=\"https:\/\/osmanogluinsaatkibris.com\/en\/portfolio\/terralux-osmanoglu-43-44\/\">   \n                                <img loading=\"lazy\" decoding=\"async\" class=\"no-lazyload\" src=\"https:\/\/osmanogluinsaatkibris.com\/wp-content\/uploads\/2025\/08\/WhatsApp-Gorsel-2025-08-21-saat-16.56.03_5c236bc1-767x767.jpg\" width=\"767\" height=\"767\" alt=\"WhatsApp G\u00f6rsel 2025-08-21 saat 16.56.03_5c236bc1\" title=\"WhatsApp Image 2025-08-21 at 16.56.03_5c236bc1\" \/>                            <\/a>    \n                        <\/div>\n                        <div class=\"pxl-post--holder\">\n                                                            <div class=\"pxl-post--category\">\n                                    <a href=\"https:\/\/osmanogluinsaatkibris.com\/en\/portfolio\/satis\/\" rel=\"tag\">Sales<\/a>                                <\/div>\n                                                        <h3 class=\"pxl-post--title\">\n                                <a href=\"https:\/\/osmanogluinsaatkibris.com\/en\/portfolio\/terralux-osmanoglu-43-44\/\">Terralux Osmano\u011flu 43 &amp; 44<\/a>\n                            <\/h3>\n                                                            <div class=\"pxl-post--content\">\n                                                                            Located in Yenikent, Terral\u00fcx Osmano\u011flu 43 &amp; 44 offers a special living space consisting of 8 apartments with its modern architecture.                                                                    <\/div>\n                                                        <a class=\"btn-readmore\" href=\"https:\/\/osmanogluinsaatkibris.com\/en\/portfolio\/terralux-osmanoglu-43-44\/\">   \n                                <svg xmlns=\"http:\/\/www.w3.org\/2000\/svg\" width=\"16\" height=\"15\" viewbox=\"0 0 16 15\" fill=\"none\">\n                                  <path d=\"M13.0044 4.26004L2.26441 15L0.5 13.2356L11.2387 2.49563H1.77402V0H15.5V13.726H13.0044V4.26004Z\" fill=\"white\"\/>\n                              <\/svg>\n                          <\/a>\n                      <\/div>\n                  <\/div>\n              <\/div>\n                                <div class=\"pxl-grid-item col-xl-4 col-lg-4 col-md-6 col-sm-12 col-12 satis\">\n                    <div class=\"pxl-post--inner wow fadeInUp\" data-wow-duration=\"1.2s\">\n                        <div class=\"pxl-post--featured\">\n                            <a href=\"https:\/\/osmanogluinsaatkibris.com\/en\/portfolio\/osm38\/\">   \n                                <img loading=\"lazy\" decoding=\"async\" class=\"no-lazyload\" src=\"https:\/\/osmanogluinsaatkibris.com\/wp-content\/uploads\/2025\/09\/2-2-e1757428818888-767x767.jpg\" width=\"767\" height=\"767\" alt=\"2\" title=\"2\" \/>                            <\/a>    \n                        <\/div>\n                        <div class=\"pxl-post--holder\">\n                                                            <div class=\"pxl-post--category\">\n                                    <a href=\"https:\/\/osmanogluinsaatkibris.com\/en\/portfolio\/satis\/\" rel=\"tag\">Sales<\/a>                                <\/div>\n                                                        <h3 class=\"pxl-post--title\">\n                                <a href=\"https:\/\/osmanogluinsaatkibris.com\/en\/portfolio\/osm38\/\">OSM38<\/a>\n                            <\/h3>\n                                                            <div class=\"pxl-post--content\">\n                                                                            In the Heart of Dereboyu, the Last 2 Apartments Are Awaiting You!                                                                    <\/div>\n                                                        <a class=\"btn-readmore\" href=\"https:\/\/osmanogluinsaatkibris.com\/en\/portfolio\/osm38\/\">   \n                                <svg xmlns=\"http:\/\/www.w3.org\/2000\/svg\" width=\"16\" height=\"15\" viewbox=\"0 0 16 15\" fill=\"none\">\n                                  <path d=\"M13.0044 4.26004L2.26441 15L0.5 13.2356L11.2387 2.49563H1.77402V0H15.5V13.726H13.0044V4.26004Z\" fill=\"white\"\/>\n                              <\/svg>\n                          <\/a>\n                      <\/div>\n                  <\/div>\n              <\/div>\n                    <\/div>\n        <\/div>\t\t\t\t<\/div>\n\t\t\t\t<\/div>\n\t\t\t\t\t<\/div>\r\n\t\t\t\t<\/div>\r\n\t\t<div class=\"elementor-element elementor-element-d6a929a e-flex e-con-boxed pxl-row-scroll-none pxl-column-none pxl-full-content-with-space-none e-con e-parent\" data-id=\"d6a929a\" data-element_type=\"container\">\t\t\t<div class=\"e-con-inner\">\r\n\t\t<div class=\"elementor-element elementor-element-2f5bc69 e-con-full e-flex pxl-row-scroll-none pxl-column-none pxl-full-content-with-space-none e-con e-child\" data-id=\"2f5bc69\" data-element_type=\"container\">\t\t<div class=\"elementor-element elementor-element-e73c5c3 elementor-widget elementor-widget-pxl_heading\" data-id=\"e73c5c3\" data-element_type=\"widget\" data-widget_type=\"pxl_heading.default\">\n\t\t\t\t<div class=\"elementor-widget-container\">\n\t\t\t\t\t\n<div id=\"pxl-pxl_heading-e73c5c3-9651\" class=\"pxl-heading px-sub-title-default-style\">\n\t<div class=\"pxl-heading--inner\">\n\t\t\n\t\t<h2 class=\"pxl-item--title style-default  highlight-default pxl-split-text split-in-right\" data-wow-delay=\"ms\">\n\t\t\t\t\t             <span class=\"pxl-title--highlight\">\n                Hundreds of            <\/span>\n         We are the customer&#039;s choice.\t\n\t\t\t\n\t\t<\/h2>\n\t\t\n\t<\/div>\n<\/div>\t\t\t\t<\/div>\n\t\t\t\t<\/div>\n\t\t\t\t<div class=\"elementor-element elementor-element-c414601 elementor-widget elementor-widget-pxl_text_editor\" data-id=\"c414601\" data-element_type=\"widget\" data-widget_type=\"pxl_text_editor.default\">\n\t\t\t\t<div class=\"elementor-widget-container\">\n\t\t\t\t\t<div class=\"pxl-text-editor default\">\n\t<div class=\"pxl-item--inner\" data-wow-delay=\"ms\">\n\t\t<p>We delivered 500+ houses to their owners.<\/p>\t\t\n\t<\/div>\n<\/div>\t\t\t\t<\/div>\n\t\t\t\t<\/div>\n\t\t\t\t<\/div>\r\n\t\t\t\t\t<\/div>\r\n\t\t\t\t<\/div>\r\n\t\t\t\t<\/div>","protected":false},"excerpt":{"rendered":"<p>SATI\u015eTAK\u0130 PROJELER\u0130M\u0130Z Sat\u0131\u015f Dereboyu Life By Osmano\u011flu 42 Deniz manzaral\u0131, \u00f6zel bah\u00e7eli l\u00fcks villalar. Sat\u0131\u015f Edremit E-Luxe Villas Modern tasar\u0131m ve \u00f6zel donan\u0131mlarla Edremit\u2019te yeni bir ya\u015fam tarz\u0131. Sat\u0131\u015f Dereboyu Life By Osmano\u011flu 41 Dereboyu\u2019nun kalbinde, do\u011fa ve \u015fehir hayat\u0131n\u0131 bir arada sunan modern ya\u015fam alan\u0131. Sat\u0131\u015f Elite Homes 3 \u2013 Osmano\u011flu 39 &#038; 40 [&hellip;]<\/p>","protected":false},"author":1,"featured_media":0,"parent":0,"menu_order":0,"comment_status":"closed","ping_status":"closed","template":"","meta":{"footnotes":""},"class_list":["post-16091","page","type-page","status-publish","hentry"],"aioseo_notices":[],"_links":{"self":[{"href":"https:\/\/osmanogluinsaatkibris.com\/en\/wp-json\/wp\/v2\/pages\/16091","targetHints":{"allow":["GET"]}}],"collection":[{"href":"https:\/\/osmanogluinsaatkibris.com\/en\/wp-json\/wp\/v2\/pages"}],"about":[{"href":"https:\/\/osmanogluinsaatkibris.com\/en\/wp-json\/wp\/v2\/types\/page"}],"author":[{"embeddable":true,"href":"https:\/\/osmanogluinsaatkibris.com\/en\/wp-json\/wp\/v2\/users\/1"}],"replies":[{"embeddable":true,"href":"https:\/\/osmanogluinsaatkibris.com\/en\/wp-json\/wp\/v2\/comments?post=16091"}],"version-history":[{"count":5,"href":"https:\/\/osmanogluinsaatkibris.com\/en\/wp-json\/wp\/v2\/pages\/16091\/revisions"}],"predecessor-version":[{"id":16532,"href":"https:\/\/osmanogluinsaatkibris.com\/en\/wp-json\/wp\/v2\/pages\/16091\/revisions\/16532"}],"wp:attachment":[{"href":"https:\/\/osmanogluinsaatkibris.com\/en\/wp-json\/wp\/v2\/media?parent=16091"}],"curies":[{"name":"wp","href":"https:\/\/api.w.org\/{rel}","templated":true}]}}