{"id":16098,"date":"2025-09-05T12:47:03","date_gmt":"2025-09-05T12:47:03","guid":{"rendered":"https:\/\/osmanogluinsaatkibris.com\/?page_id=16098"},"modified":"2025-09-05T12:52:15","modified_gmt":"2025-09-05T12:52:15","slug":"cok-yakinda-baslayacak-projeler","status":"publish","type":"page","link":"https:\/\/osmanogluinsaatkibris.com\/en\/cok-yakinda-baslayacak-projeler\/","title":{"rendered":"Projects Coming Soon"},"content":{"rendered":"<div data-elementor-type=\"wp-page\" data-elementor-id=\"16098\" class=\"elementor elementor-16098\">\n\t\t\t\t<div class=\"elementor-element elementor-element-72941fa e-flex e-con-boxed pxl-row-scroll-none pxl-column-none pxl-full-content-with-space-none e-con e-parent\" data-id=\"72941fa\" data-element_type=\"container\">\t\t\t<div class=\"e-con-inner\">\r\n\t\t \t\t<div class=\"elementor-element elementor-element-ba33149 elementor-widget elementor-widget-pxl_heading\" data-id=\"ba33149\" data-element_type=\"widget\" data-widget_type=\"pxl_heading.default\">\n\t\t\t\t<div class=\"elementor-widget-container\">\n\t\t\t\t\t\n<div id=\"pxl-pxl_heading-ba33149-2715\" class=\"pxl-heading px-sub-title-default-style\">\n\t<div class=\"pxl-heading--inner\">\n\t\t\n\t\t<h2 class=\"pxl-item--title style-default  highlight-default pxl-split-text split-words-scale\" data-wow-delay=\"ms\">\n\t\t\t\t\tProjects Coming Soon\t\n\t\t\t\n\t\t<\/h2>\n\t\t\n\t<\/div>\n<\/div>\t\t\t\t<\/div>\n\t\t\t\t<\/div>\n\t\t\t\t<div class=\"elementor-element elementor-element-97c3064 pxl-post-layout-portfolio-1 elementor-widget elementor-widget-pxl_post_grid\" data-id=\"97c3064\" data-element_type=\"widget\" data-widget_type=\"pxl_post_grid.default\">\n\t\t\t\t<div class=\"elementor-widget-container\">\n\t\t\t\t\t\n<div id=\"pxl_post_grid-97c3064-8625\" class=\"pxl-grid pxl-portfolio-grid pxl-portfolio-grid-layout1 pxl-portfolio-style1\" data-start-page=\"1\" data-max-pages=\"1\" data-total=\"3\" data-perpage=\"18\" data-next-link=\"\" data-layout=\"masonry\">\n    \n    <div class=\"pxl-grid-inner pxl-grid-masonry row\" data-gutter=\"15\">\n        <div class=\"grid-sizer col-xl-4 col-lg-4 col-md-6 col-sm-12 col-12\"><\/div>\n                              <div class=\"pxl-grid-item col-xl-4 col-lg-4 col-md-6 col-sm-12 col-12 baslanacak\">\n                    <div class=\"pxl-post--inner wow fadeInUp\" data-wow-duration=\"1.2s\">\n                        <div class=\"pxl-post--featured\">\n                            <a href=\"https:\/\/osmanogluinsaatkibris.com\/en\/portfolio\/osmanoglu-olive-veew-villas\/\">   \n                                <img fetchpriority=\"high\" decoding=\"async\" class=\"no-lazyload\" src=\"https:\/\/osmanogluinsaatkibris.com\/wp-content\/uploads\/2025\/08\/WhatsApp-Gorsel-2025-08-21-saat-16.56.04_49a2be40-767x767.jpg\" width=\"767\" height=\"767\" alt=\"WhatsApp G\u00f6rsel 2025-08-21 saat 16.56.04_49a2be40\" title=\"WhatsApp Visual 2025-08-21 at 16.56.04_49a2be40\" \/>                            <\/a>    \n                        <\/div>\n                        <div class=\"pxl-post--holder\">\n                                                            <div class=\"pxl-post--category\">\n                                    <a href=\"https:\/\/osmanogluinsaatkibris.com\/en\/portfolio\/baslanacak\/\" rel=\"tag\">Very soon<\/a>                                <\/div>\n                                                        <h3 class=\"pxl-post--title\">\n                                <a href=\"https:\/\/osmanogluinsaatkibris.com\/en\/portfolio\/osmanoglu-olive-veew-villas\/\">Osmano\u011flu Olive View Villas<\/a>\n                            <\/h3>\n                                                            <div class=\"pxl-post--content\">\n                                                                            Luxurious villas with sea views and private gardens.                                                                    <\/div>\n                                                        <a class=\"btn-readmore\" href=\"https:\/\/osmanogluinsaatkibris.com\/en\/portfolio\/osmanoglu-olive-veew-villas\/\">   \n                                <svg xmlns=\"http:\/\/www.w3.org\/2000\/svg\" width=\"16\" height=\"15\" viewbox=\"0 0 16 15\" fill=\"none\">\n                                  <path d=\"M13.0044 4.26004L2.26441 15L0.5 13.2356L11.2387 2.49563H1.77402V0H15.5V13.726H13.0044V4.26004Z\" fill=\"white\"\/>\n                              <\/svg>\n                          <\/a>\n                      <\/div>\n                  <\/div>\n              <\/div>\n                                <div class=\"pxl-grid-item col-xl-4 col-lg-4 col-md-6 col-sm-12 col-12 baslanacak\">\n                    <div class=\"pxl-post--inner wow fadeInUp\" data-wow-duration=\"1.2s\">\n                        <div class=\"pxl-post--featured\">\n                            <a href=\"https:\/\/osmanogluinsaatkibris.com\/en\/portfolio\/klinik-ve-insaat\/\">   \n                                <img decoding=\"async\" class=\"no-lazyload\" src=\"https:\/\/osmanogluinsaatkibris.com\/wp-content\/uploads\/2025\/07\/osmanoglu-center-767x767.jpg\" width=\"767\" height=\"767\" alt=\"osmanoglu center\" title=\"Osmanoglu Center\" \/>                            <\/a>    \n                        <\/div>\n                        <div class=\"pxl-post--holder\">\n                                                            <div class=\"pxl-post--category\">\n                                    <a href=\"https:\/\/osmanogluinsaatkibris.com\/en\/portfolio\/baslanacak\/\" rel=\"tag\">Very soon<\/a>                                <\/div>\n                                                        <h3 class=\"pxl-post--title\">\n                                <a href=\"https:\/\/osmanogluinsaatkibris.com\/en\/portfolio\/klinik-ve-insaat\/\">Clinic and Construction<\/a>\n                            <\/h3>\n                                                            <div class=\"pxl-post--content\">\n                                                                            A dental clinic project that stands out with its modern design and offers functional solutions.                                                                    <\/div>\n                                                        <a class=\"btn-readmore\" href=\"https:\/\/osmanogluinsaatkibris.com\/en\/portfolio\/klinik-ve-insaat\/\">   \n                                <svg xmlns=\"http:\/\/www.w3.org\/2000\/svg\" width=\"16\" height=\"15\" viewbox=\"0 0 16 15\" fill=\"none\">\n                                  <path d=\"M13.0044 4.26004L2.26441 15L0.5 13.2356L11.2387 2.49563H1.77402V0H15.5V13.726H13.0044V4.26004Z\" fill=\"white\"\/>\n                              <\/svg>\n                          <\/a>\n                      <\/div>\n                  <\/div>\n              <\/div>\n                    <\/div>\n        <\/div>\t\t\t\t<\/div>\n\t\t\t\t<\/div>\n\t\t\t\t\t<\/div>\r\n\t\t\t\t<\/div>\r\n\t\t<div class=\"elementor-element elementor-element-d6a929a e-flex e-con-boxed pxl-row-scroll-none pxl-column-none pxl-full-content-with-space-none e-con e-parent\" data-id=\"d6a929a\" data-element_type=\"container\">\t\t\t<div class=\"e-con-inner\">\r\n\t\t<div class=\"elementor-element elementor-element-2f5bc69 e-con-full e-flex pxl-row-scroll-none pxl-column-none pxl-full-content-with-space-none e-con e-child\" data-id=\"2f5bc69\" data-element_type=\"container\">\t\t<div class=\"elementor-element elementor-element-e73c5c3 elementor-widget elementor-widget-pxl_heading\" data-id=\"e73c5c3\" data-element_type=\"widget\" data-widget_type=\"pxl_heading.default\">\n\t\t\t\t<div class=\"elementor-widget-container\">\n\t\t\t\t\t\n<div id=\"pxl-pxl_heading-e73c5c3-1143\" class=\"pxl-heading px-sub-title-default-style\">\n\t<div class=\"pxl-heading--inner\">\n\t\t\n\t\t<h2 class=\"pxl-item--title style-default  highlight-default pxl-split-text split-in-right\" data-wow-delay=\"ms\">\n\t\t\t\t\t             <span class=\"pxl-title--highlight\">\n                Hundreds of            <\/span>\n         We are the customer&#039;s choice.\t\n\t\t\t\n\t\t<\/h2>\n\t\t\n\t<\/div>\n<\/div>\t\t\t\t<\/div>\n\t\t\t\t<\/div>\n\t\t\t\t<div class=\"elementor-element elementor-element-c414601 elementor-widget elementor-widget-pxl_text_editor\" data-id=\"c414601\" data-element_type=\"widget\" data-widget_type=\"pxl_text_editor.default\">\n\t\t\t\t<div class=\"elementor-widget-container\">\n\t\t\t\t\t<div class=\"pxl-text-editor default\">\n\t<div class=\"pxl-item--inner\" data-wow-delay=\"ms\">\n\t\t<p>We delivered 500+ houses to their owners.<\/p>\t\t\n\t<\/div>\n<\/div>\t\t\t\t<\/div>\n\t\t\t\t<\/div>\n\t\t\t\t<\/div>\r\n\t\t\t\t\t<\/div>\r\n\t\t\t\t<\/div>\r\n\t\t\t\t<\/div>","protected":false},"excerpt":{"rendered":"<p>\u00c7ok Yak\u0131nda Ba\u015flayacak Projeler \u00c7ok Yak\u0131nda Osmano\u011flu Olive Veew Villas Deniz manzaral\u0131, \u00f6zel bah\u00e7eli l\u00fcks villalar. \u00c7ok Yak\u0131nda Nature Villas By Osmano\u011flu Alayk\u00f6y\u2019de 15 m\u00fcstakil villa, 190 m\u00b2 ya\u015fam alan\u0131 ve \u015fehir merkezine sadece 5 dakika uzakl\u0131kta modern ya\u015fam imk\u00e2n\u0131 sunuyor. \u00c7ok Yak\u0131nda TERRAL\u00dcX OSMANO\u011eLU 43 &#038; 44 Yenikent\u2019te konumlanan Terral\u00fcx Osmano\u011flu 43 &#038; 44, [&hellip;]<\/p>","protected":false},"author":1,"featured_media":0,"parent":0,"menu_order":0,"comment_status":"closed","ping_status":"closed","template":"","meta":{"footnotes":""},"class_list":["post-16098","page","type-page","status-publish","hentry"],"aioseo_notices":[],"_links":{"self":[{"href":"https:\/\/osmanogluinsaatkibris.com\/en\/wp-json\/wp\/v2\/pages\/16098","targetHints":{"allow":["GET"]}}],"collection":[{"href":"https:\/\/osmanogluinsaatkibris.com\/en\/wp-json\/wp\/v2\/pages"}],"about":[{"href":"https:\/\/osmanogluinsaatkibris.com\/en\/wp-json\/wp\/v2\/types\/page"}],"author":[{"embeddable":true,"href":"https:\/\/osmanogluinsaatkibris.com\/en\/wp-json\/wp\/v2\/users\/1"}],"replies":[{"embeddable":true,"href":"https:\/\/osmanogluinsaatkibris.com\/en\/wp-json\/wp\/v2\/comments?post=16098"}],"version-history":[{"count":4,"href":"https:\/\/osmanogluinsaatkibris.com\/en\/wp-json\/wp\/v2\/pages\/16098\/revisions"}],"predecessor-version":[{"id":16104,"href":"https:\/\/osmanogluinsaatkibris.com\/en\/wp-json\/wp\/v2\/pages\/16098\/revisions\/16104"}],"wp:attachment":[{"href":"https:\/\/osmanogluinsaatkibris.com\/en\/wp-json\/wp\/v2\/media?parent=16098"}],"curies":[{"name":"wp","href":"https:\/\/api.w.org\/{rel}","templated":true}]}}