{"id":773,"date":"2025-01-13T08:11:04","date_gmt":"2025-01-13T08:11:04","guid":{"rendered":"https:\/\/demo.casethemes.net\/vastcon\/?page_id=773"},"modified":"2025-09-05T16:13:39","modified_gmt":"2025-09-05T16:13:39","slug":"iletisim","status":"publish","type":"page","link":"https:\/\/osmanogluinsaatkibris.com\/en\/iletisim\/","title":{"rendered":"Communication"},"content":{"rendered":"<div data-elementor-type=\"wp-page\" data-elementor-id=\"773\" class=\"elementor elementor-773\">\n\t\t\t\t<div class=\"elementor-element elementor-element-614a635 e-flex e-con-boxed pxl-row-scroll-none pxl-column-none pxl-full-content-with-space-none e-con e-parent\" data-id=\"614a635\" data-element_type=\"container\" data-settings=\"{&quot;background_background&quot;:&quot;classic&quot;}\">\t\t\t<div class=\"e-con-inner\">\r\n\t\t \t\t<div class=\"elementor-element elementor-element-8f33ca5 elementor-widget__width-auto elementor-absolute elementor-widget elementor-widget-pxl_image\" data-id=\"8f33ca5\" data-element_type=\"widget\" data-settings=\"{&quot;_position&quot;:&quot;absolute&quot;}\" data-widget_type=\"pxl_image.default\">\n\t\t\t\t<div class=\"elementor-widget-container\">\n\t\t\t\t\t<div id=\"pxl_image-8f33ca5-6043\" class=\"pxl-image-single    slide-left-to-right\" data-wow-delay=\"ms\"  >\r\n    <div class=\"pxl-item--inner\" data-wow-delay=\"120ms\">\r\n        \r\n                    <div class=\"pxl-item--image\" data-parallax-value=\"\">\r\n                                <img decoding=\"async\" src=\"https:\/\/osmanogluinsaatkibris.com\/wp-content\/uploads\/2025\/01\/ct-08.webp\" class=\"no-lazyload attachment-full\" alt=\"\" \/>                            <\/div>\r\n                \r\n    <\/div>\r\n<\/div>\t\t\t\t<\/div>\n\t\t\t\t<\/div>\n\t\t\t\t<div class=\"elementor-element elementor-element-db7d512 elementor-widget__width-auto elementor-absolute elementor-widget elementor-widget-pxl_image\" data-id=\"db7d512\" data-element_type=\"widget\" data-settings=\"{&quot;_position&quot;:&quot;absolute&quot;}\" data-widget_type=\"pxl_image.default\">\n\t\t\t\t<div class=\"elementor-widget-container\">\n\t\t\t\t\t<div id=\"pxl_image-db7d512-7480\" class=\"pxl-image-single    slide-right-to-left\" data-wow-delay=\"ms\"  >\r\n    <div class=\"pxl-item--inner\" data-wow-delay=\"120ms\">\r\n        \r\n                    <div class=\"pxl-item--image\" data-parallax-value=\"\">\r\n                                <img decoding=\"async\" src=\"https:\/\/osmanogluinsaatkibris.com\/wp-content\/uploads\/2025\/01\/ct-07.webp\" class=\"no-lazyload attachment-full\" alt=\"\" \/>                            <\/div>\r\n                \r\n    <\/div>\r\n<\/div>\t\t\t\t<\/div>\n\t\t\t\t<\/div>\n\t\t<div class=\"elementor-element elementor-element-d72f225 e-con-full e-flex pxl-row-scroll-none pxl-column-none pxl-full-content-with-space-none e-con e-child\" data-id=\"d72f225\" data-element_type=\"container\">\t\t<div class=\"elementor-element elementor-element-def2602 elementor-widget elementor-widget-pxl_heading\" data-id=\"def2602\" data-element_type=\"widget\" data-widget_type=\"pxl_heading.default\">\n\t\t\t\t<div class=\"elementor-widget-container\">\n\t\t\t\t\t\n<div id=\"pxl-pxl_heading-def2602-7550\" class=\"pxl-heading px-sub-title-default-style\">\n\t<div class=\"pxl-heading--inner\">\n\t\t\n\t\t<h2 class=\"pxl-item--title style-default  highlight-default pxl-split-text split-in-right\" data-wow-delay=\"ms\">\n\t\t\t\t\tContact us\t\n\t\t\t\n\t\t<\/h2>\n\t\t\n\t<\/div>\n<\/div>\t\t\t\t<\/div>\n\t\t\t\t<\/div>\n\t\t\t\t<div class=\"elementor-element elementor-element-4f7d566 elementor-widget elementor-widget-pxl_text_editor\" data-id=\"4f7d566\" data-element_type=\"widget\" data-widget_type=\"pxl_text_editor.default\">\n\t\t\t\t<div class=\"elementor-widget-container\">\n\t\t\t\t\t<div class=\"pxl-text-editor default\">\n\t<div class=\"pxl-item--inner\" data-wow-delay=\"ms\">\n\t\t<p>Do you have any questions? You can reach us through our communication channels below.<\/p>\t\t\n\t<\/div>\n<\/div>\t\t\t\t<\/div>\n\t\t\t\t<\/div>\n\t\t\t\t<div class=\"elementor-element elementor-element-7f55975 elementor-widget elementor-widget-pxl_text_editor\" data-id=\"7f55975\" data-element_type=\"widget\" data-widget_type=\"pxl_text_editor.default\">\n\t\t\t\t<div class=\"elementor-widget-container\">\n\t\t\t\t\t<div class=\"pxl-text-editor default\">\n\t<div class=\"pxl-item--inner\" data-wow-delay=\"ms\">\n\t\t<p><strong data-start=\"184\" data-end=\"194\">Address:<\/strong> Metehan District, Martyr Ibrahim Ilkkan Street, No: 4, Nicosia \/ TRNC<br data-start=\"262\" data-end=\"265\" \/><strong data-start=\"265\" data-end=\"277\">Telephone:<\/strong> 0533 840 80 85<br data-start=\"291\" data-end=\"294\" \/><strong data-start=\"294\" data-end=\"306\">Email:<\/strong> info@osmanogluinsaatkibris.com<\/p>\t\t\n\t<\/div>\n<\/div>\t\t\t\t<\/div>\n\t\t\t\t<\/div>\n\t\t\t\t<div class=\"elementor-element elementor-element-02ca87d elementor-widget elementor-widget-pxl_icon\" data-id=\"02ca87d\" data-element_type=\"widget\" data-widget_type=\"pxl_icon.default\">\n\t\t\t\t<div class=\"elementor-widget-container\">\n\t\t\t\t\t    <div class=\"pxl-icon-list pxl-icon1  style-4\" data-wow-delay=\"ms\">\r\n                                    <a class=\"elementor-repeater-item-9773266\" href=\"#\">\r\n                                            <span class=\"icon-box\">\r\n                                                <i aria-hidden=\"true\" class=\"fab fa-facebook-f\"><\/i>                                                <\/span>\r\n                                                                          <\/a>\r\n                                            <a class=\"elementor-repeater-item-219f8e0\" href=\"#\">\r\n                                            <span class=\"icon-box\">\r\n                                                <i aria-hidden=\"true\" class=\"fab fa-instagram\"><\/i>                                                <\/span>\r\n                                                                          <\/a>\r\n                  <\/div>\r\n  \t\t\t\t<\/div>\n\t\t\t\t<\/div>\n\t\t\t\t<div class=\"elementor-element elementor-element-bbe866a elementor-widget elementor-widget-google_maps\" data-id=\"bbe866a\" data-element_type=\"widget\" data-widget_type=\"google_maps.default\">\n\t\t\t\t\t\t\t<div class=\"elementor-custom-embed\">\n\t\t\t<iframe loading=\"lazy\"\n\t\t\t\t\tsrc=\"https:\/\/www.google.com\/maps\/embed\/v1\/place?key=AIzaSyDatSf-4ZzLWCIbYI5DFABGrgjh1XFKz3g&#038;q=58W9%2BR8H%2C%20Metehan%2099010&#038;zoom=6\"\n\t\t\t\t\ttitle=\"58W9+R8H, Metehan 99010\"\n\t\t\t\t\taria-label=\"58W9+R8H, Metehan 99010\"\n\t\t\t><\/iframe>\n\t\t<\/div>\n\t\t\t\t\t\t<\/div>\n\t\t\t\t<\/div>\r\n\t\t<div class=\"elementor-element elementor-element-58f01fd e-con-full e-flex pxl-row-scroll-none pxl-column-none pxl-full-content-with-space-none e-con e-child\" data-id=\"58f01fd\" data-element_type=\"container\">\t\t<div class=\"elementor-element elementor-element-25c8409 elementor-widget elementor-widget-pxl_contact_form\" data-id=\"25c8409\" data-element_type=\"widget\" data-widget_type=\"pxl_contact_form.default\">\n\t\t\t\t<div class=\"elementor-widget-container\">\n\t\t\t\t\t    <div class=\"pxl-contact-form pxl-contact-form1 btn-w-auto\" data-wow-delay=\"ms\">\r\n            \n<div class=\"wpcf7 no-js\" id=\"wpcf7-f829-o1\" lang=\"en-US\" dir=\"ltr\" data-wpcf7-id=\"829\">\n<div class=\"screen-reader-response\"><p role=\"status\" aria-live=\"polite\" aria-atomic=\"true\"><\/p> <ul><\/ul><\/div>\n<form action=\"\/en\/wp-json\/wp\/v2\/pages\/773#wpcf7-f829-o1\" method=\"post\" class=\"wpcf7-form init\" aria-label=\"Contact form\" novalidate=\"novalidate\" data-status=\"init\" data-trp-original-action=\"\/en\/wp-json\/wp\/v2\/pages\/773#wpcf7-f829-o1\">\n<fieldset class=\"hidden-fields-container\"><input type=\"hidden\" name=\"_wpcf7\" value=\"829\" \/><input type=\"hidden\" name=\"_wpcf7_version\" value=\"6.1\" \/><input type=\"hidden\" name=\"_wpcf7_locale\" value=\"en_US\" \/><input type=\"hidden\" name=\"_wpcf7_unit_tag\" value=\"wpcf7-f829-o1\" \/><input type=\"hidden\" name=\"_wpcf7_container_post\" value=\"0\" \/><input type=\"hidden\" name=\"_wpcf7_posted_data_hash\" value=\"\" \/>\n<\/fieldset>\n<div class=\"wrap-ctf-page wrap-form\">\n\t<div class=\"containter\">\n\t\t<div class=\"row\">\n\t\t\t<div class=\"input-filled col-xl-6 col-lg-6 col-md-6 col-sm-6 col-xs-12\">\n\t\t\t\t<p><label>Name Surname*<\/label><span class=\"wpcf7-form-control-wrap your-name\"><span class=\"wpcf7-form-control-wrap\" data-name=\"your-name\"><input size=\"40\" maxlength=\"400\" class=\"wpcf7-form-control wpcf7-text wpcf7-validates-as-required\" aria-required=\"true\" aria-invalid=\"false\" placeholder=\"\" value=\"\" type=\"text\" name=\"your-name\" \/><\/span><\/span>\n\t\t\t\t<\/p>\n\t\t\t<\/div>\n\t\t\t<div class=\"input-filled col-xl-6 col-lg-6 col-md-6 col-sm-6 col-xs-12\">\n\t\t\t\t<p><label>Email Address*<\/label><span class=\"wpcf7-form-control-wrap your-email\"><span class=\"wpcf7-form-control-wrap\" data-name=\"your-email\"><input size=\"40\" maxlength=\"400\" class=\"wpcf7-form-control wpcf7-email wpcf7-validates-as-required wpcf7-text wpcf7-validates-as-email\" aria-required=\"true\" aria-invalid=\"false\" placeholder=\"\" value=\"\" type=\"email\" name=\"your-email\" \/><\/span><\/span>\n\t\t\t\t<\/p>\n\t\t\t<\/div>\n\t\t\t<div class=\"input-filled col-xl-6 col-lg-6 col-md-12 col-sm-12 col-xs-12\">\n\t\t\t\t<p><label>Phone Number*<\/label><span class=\"wpcf7-form-control-wrap your-phone\"><span class=\"wpcf7-form-control-wrap\" data-name=\"your-phone\"><input size=\"40\" maxlength=\"400\" class=\"wpcf7-form-control wpcf7-tel wpcf7-validates-as-required wpcf7-text wpcf7-validates-as-tel\" aria-required=\"true\" aria-invalid=\"false\" placeholder=\"\" value=\"\" type=\"tel\" name=\"your-phone\" \/><\/span><\/span>\n\t\t\t\t<\/p>\n\t\t\t<\/div>\n\t\t\t<div class=\"input-filled col-xl-6 col-lg-6 col-md-12 col-sm-12 col-xs-12\">\n\t\t\t\t<p><label>Your Service Request*<\/label><span class=\"wpcf7-form-control-wrap your-service\"><span class=\"wpcf7-form-control-wrap\" data-name=\"menu-516\"><select class=\"wpcf7-form-control wpcf7-select\" aria-invalid=\"false\" name=\"menu-516\"><option value=\"\u0130htiyac\u0131n\u0131z nedir?\">What do you need?<\/option><option value=\"Bina \u0130n\u015faat\u0131\">Building Construction<\/option><option value=\"Mimari Tasar\u0131m\">Architectural Design<\/option><option value=\"Bina Yenileme\">Building Renovation<\/option><\/select><\/span><\/span>\n\t\t\t\t<\/p>\n\t\t\t<\/div>\n\t\t\t<div class=\"input-filled col-xl-12\">\n\t\t\t\t<p><label>Your message<\/label><span class=\"wpcf7-form-control-wrap your-messeage\"><span class=\"wpcf7-form-control-wrap\" data-name=\"your-messeage\"><textarea cols=\"40\" rows=\"10\" maxlength=\"2000\" class=\"wpcf7-form-control wpcf7-textarea wpcf7-validates-as-required\" aria-required=\"true\" aria-invalid=\"false\" placeholder=\"\" name=\"your-messeage\"><\/textarea><\/span><\/span><span class=\"wpcf7-form-control-wrap\" data-name=\"acceptance-333\"><span class=\"wpcf7-form-control wpcf7-acceptance optional\"><span class=\"wpcf7-list-item\"><label><input type=\"checkbox\" name=\"acceptance-333\" value=\"1\" aria-invalid=\"false\" \/><span class=\"wpcf7-list-item-label\">I accept Vastcon&#039;s terms and conditions<\/span><\/label><\/span><\/span><\/span>\n\t\t\t\t<\/p>\n\t\t\t<\/div>\n\t\t\t<div class=\"input-filled cf-center-btn col-xl-12\">\n\t\t\t\t<p><button type=\"submit\" class=\"wpcf7-submit wpcf7-btn-abs\" >Send Message<span class=\"button-arrow-hover\"><svg xmlns=\"http:\/\/www.w3.org\/2000\/svg\" width=\"9\" height=\"9\" viewbox=\"0 0 9 9\" fill=\"none\"><path d=\"M7.66931 2.276L1.93131 8.014L0.988647 7.07133L6.72597 1.33333H1.66931V0H9.00264V7.33333H7.66931V2.276Z\" fill=\"#fff\"><\/path><\/svg><svg xmlns=\"http:\/\/www.w3.org\/2000\/svg\" width=\"9\" height=\"9\" viewbox=\"0 0 9 9\" fill=\"none\"><path d=\"M7.66931 2.276L1.93131 8.014L0.988647 7.07133L6.72597 1.33333H1.66931V0H9.00264V7.33333H7.66931V2.276Z\" fill=\"#fff\"><\/path><\/svg><\/span><\/button>\n\t\t\t\t<\/p>\n\t\t\t<\/div>\n\t\t<\/div>\n\t<\/div>\n<\/div><div class=\"wpcf7-response-output\" aria-hidden=\"true\"><\/div>\n<input type=\"hidden\" name=\"trp-form-language\" value=\"en\"\/><\/form>\n<\/div>\n    <div id=\"qrcode\" class=\"hide-qr\"><\/div>\r\n<\/div>\r\n\t\t\t\t<\/div>\n\t\t\t\t<\/div>\n\t\t\t\t<\/div>\r\n\t\t\t\t\t<\/div>\r\n\t\t\t\t<\/div>\r\n\t\t<div class=\"elementor-element elementor-element-91be81d e-flex e-con-boxed pxl-row-scroll-none pxl-column-none pxl-full-content-with-space-none e-con e-parent\" data-id=\"91be81d\" data-element_type=\"container\">\t\t\t<div class=\"e-con-inner\">\r\n\t\t\t\t<div class=\"elementor-element elementor-element-ad48d02 elementor-widget elementor-widget-pxl_heading\" data-id=\"ad48d02\" data-element_type=\"widget\" data-widget_type=\"pxl_heading.default\">\n\t\t\t\t<div class=\"elementor-widget-container\">\n\t\t\t\t\t\n<div id=\"pxl-pxl_heading-ad48d02-3261\" class=\"pxl-heading px-sub-title-default-style\">\n\t<div class=\"pxl-heading--inner\">\n\t\t\n\t\t<h2 class=\"pxl-item--title style-default  highlight-default pxl-split-text split-in-right\" data-wow-delay=\"ms\">\n\t\t\t\t\tOur office\t\n\t\t\t\n\t\t<\/h2>\n\t\t\n\t<\/div>\n<\/div>\t\t\t\t<\/div>\n\t\t\t\t<\/div>\n\t\t\t\t<div class=\"elementor-element elementor-element-9ce9957 elementor-widget elementor-widget-pxl_text_editor\" data-id=\"9ce9957\" data-element_type=\"widget\" data-widget_type=\"pxl_text_editor.default\">\n\t\t\t\t<div class=\"elementor-widget-container\">\n\t\t\t\t\t<div class=\"pxl-text-editor default\">\n\t<div class=\"pxl-item--inner\" data-wow-delay=\"ms\">\n\t\t<p data-start=\"117\" data-end=\"312\">Our office, where we carry out our projects, is always an open point of contact for our customers.<br data-start=\"209\" data-end=\"212\" \/>We provide services with our architects, engineers and sales team in our head office in Nicosia.<\/p><p data-start=\"314\" data-end=\"463\">You can visit our office to examine our projects closely and get detailed information from our team.<br data-start=\"412\" data-end=\"415\" \/>Be our guest and let&#039;s talk about your dreams together.<\/p>\t\t\n\t<\/div>\n<\/div>\t\t\t\t<\/div>\n\t\t\t\t<\/div>\n\t\t\t\t\t<\/div>\r\n\t\t\t\t<\/div>\r\n\t\t<div class=\"elementor-element elementor-element-e2dbd90 e-flex e-con-boxed pxl-row-scroll-none pxl-column-none pxl-full-content-with-space-none e-con e-parent\" data-id=\"e2dbd90\" data-element_type=\"container\">\t\t\t<div class=\"e-con-inner\">\r\n\t\t<div class=\"elementor-element elementor-element-63f0016 e-con-full e-flex pxl-row-scroll-none pxl-column-none pxl-full-content-with-space-none e-con e-child\" data-id=\"63f0016\" data-element_type=\"container\"><div class=\"elementor-element elementor-element-7b60b49 e-con-full e-flex pxl-row-scroll-none pxl-column-none pxl-full-content-with-space-none e-con e-child\" data-id=\"7b60b49\" data-element_type=\"container\"><div class=\"elementor-element elementor-element-3467ab6 e-con-full e-flex pxl-row-scroll-none pxl-column-none pxl-full-content-with-space-none elementor-invisible e-con e-child\" data-id=\"3467ab6\" data-element_type=\"container\" id=\"location4\" data-settings=\"{&quot;animation&quot;:&quot;fadeInRight&quot;}\">\t\t<div class=\"elementor-element elementor-element-e86f693 elementor-widget elementor-widget-pxl_heading\" data-id=\"e86f693\" data-element_type=\"widget\" data-widget_type=\"pxl_heading.default\">\n\t\t\t\t<div class=\"elementor-widget-container\">\n\t\t\t\t\t\n<div id=\"pxl-pxl_heading-e86f693-4322\" class=\"pxl-heading px-sub-title-default-style\">\n\t<div class=\"pxl-heading--inner\">\n\t\t\n\t\t<h3 class=\"pxl-item--title style-default  highlight-default\" data-wow-delay=\"ms\">\n\t\t\t\t\tNicosia\t\n\t\t\t\n\t\t<\/h3>\n\t\t\n\t<\/div>\n<\/div>\t\t\t\t<\/div>\n\t\t\t\t<\/div>\n\t\t\t\t<div class=\"elementor-element elementor-element-b798b2d elementor-widget elementor-widget-pxl_text_editor\" data-id=\"b798b2d\" data-element_type=\"widget\" data-widget_type=\"pxl_text_editor.default\">\n\t\t\t\t<div class=\"elementor-widget-container\">\n\t\t\t\t\t<div class=\"pxl-text-editor default\">\n\t<div class=\"pxl-item--inner\" data-wow-delay=\"ms\">\n\t\t<p><strong data-start=\"184\" data-end=\"194\">Address:<\/strong> Metehan District, Martyr Ibrahim Ilkkan Street, No: 4, Nicosia \/ TRNC<br data-start=\"262\" data-end=\"265\" \/><strong data-start=\"265\" data-end=\"277\">Telephone:<\/strong> 0533 840 8085<br data-start=\"291\" data-end=\"294\" \/><strong data-start=\"294\" data-end=\"306\">Email:<\/strong> <a class=\"cursor-pointer\" rel=\"noopener\" data-start=\"307\" data-end=\"340\">osmanogluinsaatkibris@hotmail.com<\/a><\/p>\t\t\n\t<\/div>\n<\/div>\t\t\t\t<\/div>\n\t\t\t\t<\/div>\n\t\t\t\t<div class=\"elementor-element elementor-element-500a9a1 elementor-widget elementor-widget-pxl_button\" data-id=\"500a9a1\" data-element_type=\"widget\" data-widget_type=\"pxl_button.default\">\n\t\t\t\t<div class=\"elementor-widget-container\">\n\t\t\t\t\t<div id=\"pxl-pxl_button-500a9a1-3230\" class=\"pxl-button pxl-atc-link\" data-wow-delay=\"ms\">\r\n    <a href=\"https:\/\/maps.app.goo.gl\/QkGduFTnUfS6ad8c6?g_st=ac\" class=\"btn  btn-default  inline pxl-icon--right\" data-wow-delay=\"ms\" data-target=\".pxl-page-popup-template-0\">\r\n                                    <svg xmlns=\"http:\/\/www.w3.org\/2000\/svg\" width=\"9\" height=\"9\" viewbox=\"0 0 9 9\" fill=\"none\"><path d=\"M7.66931 2.276L1.93131 8.014L0.988647 7.07133L6.72597 1.33333H1.66931V0H9.00264V7.33333H7.66931V2.276Z\" fill=\"white\"><\/path><\/svg>                                <span class=\"pxl--btn-text\" data-text=\"Konumumuz\">\r\n            Our location        <\/span>\r\n    <\/a>\r\n<\/div>\t\t\t\t<\/div>\n\t\t\t\t<\/div>\n\t\t\t\t<\/div>\r\n\t\t\t\t<\/div>\r\n\t\t\t\t<\/div>\r\n\t\t<div class=\"elementor-element elementor-element-dae0a4d e-con-full e-flex pxl-row-scroll-none pxl-column-none pxl-full-content-with-space-none e-con e-child\" data-id=\"dae0a4d\" data-element_type=\"container\">\t\t<div class=\"elementor-element elementor-element-ca26e46 elementor-widget__width-auto elementor-widget elementor-widget-pxl_location\" data-id=\"ca26e46\" data-element_type=\"widget\" data-widget_type=\"pxl_location.default\">\n\t\t\t\t<div class=\"elementor-widget-container\">\n\t\t\t\t\t<div class=\"pxl-location pxl-location1 wow skewIn\" data-wow-delay=\"ms\">\r\n            <div class=\"pxl-image\">\r\n            <img fetchpriority=\"high\" decoding=\"async\" width=\"549\" height=\"350\" src=\"https:\/\/osmanogluinsaatkibris.com\/wp-content\/uploads\/2025\/07\/kibris-gezi-plani.jpg\" class=\"attachment-full\" alt=\"\" srcset=\"https:\/\/osmanogluinsaatkibris.com\/wp-content\/uploads\/2025\/07\/kibris-gezi-plani.jpg 549w, https:\/\/osmanogluinsaatkibris.com\/wp-content\/uploads\/2025\/07\/kibris-gezi-plani-300x191.jpg 300w\" sizes=\"(max-width: 549px) 100vw, 549px\" \/>        <\/div>\r\n        <div class=\"pxl-list\">\r\n            <\/div>\r\n<\/div>\r\n\t\t\t\t<\/div>\n\t\t\t\t<\/div>\n\t\t\t\t<\/div>\r\n\t\t\t\t\t<\/div>\r\n\t\t\t\t<\/div>\r\n\t\t\t\t<\/div>","protected":false},"excerpt":{"rendered":"<p>Bize Ula\u015f\u0131n Sorular\u0131n\u0131z m\u0131 var? A\u015fa\u011f\u0131daki ileti\u015fim kanallar\u0131m\u0131zdan bize ula\u015fabilirsiniz. Adres: Metehan Mahallesi, \u015eehit \u0130brahim \u0130lkkan Sokak, No:4, Lefko\u015fa \/ KKTCTelefon: 0533 840 80 85E-posta: info@osmanogluinsaatkibris.com Ad Soyad* E-posta Adresi* Telefon Numaras\u0131* Hizmet Talebiniz*\u0130htiyac\u0131n\u0131z nedir?Bina \u0130n\u015faat\u0131Mimari Tasar\u0131mBina Yenileme Mesaj\u0131n\u0131zVastcon\u2019un \u015fartlar\u0131n\u0131 ve ko\u015fullar\u0131n\u0131 kabul ediyorum Mesaj G\u00f6nder Ofisimiz Projelerimizi y\u00fcr\u00fctt\u00fc\u011f\u00fcm\u00fcz ofisimiz, m\u00fc\u015fterilerimize her zaman a\u00e7\u0131k bir [&hellip;]<\/p>","protected":false},"author":1,"featured_media":0,"parent":0,"menu_order":0,"comment_status":"closed","ping_status":"closed","template":"","meta":{"footnotes":""},"class_list":["post-773","page","type-page","status-publish","hentry"],"aioseo_notices":[],"_links":{"self":[{"href":"https:\/\/osmanogluinsaatkibris.com\/en\/wp-json\/wp\/v2\/pages\/773","targetHints":{"allow":["GET"]}}],"collection":[{"href":"https:\/\/osmanogluinsaatkibris.com\/en\/wp-json\/wp\/v2\/pages"}],"about":[{"href":"https:\/\/osmanogluinsaatkibris.com\/en\/wp-json\/wp\/v2\/types\/page"}],"author":[{"embeddable":true,"href":"https:\/\/osmanogluinsaatkibris.com\/en\/wp-json\/wp\/v2\/users\/1"}],"replies":[{"embeddable":true,"href":"https:\/\/osmanogluinsaatkibris.com\/en\/wp-json\/wp\/v2\/comments?post=773"}],"version-history":[{"count":19,"href":"https:\/\/osmanogluinsaatkibris.com\/en\/wp-json\/wp\/v2\/pages\/773\/revisions"}],"predecessor-version":[{"id":16110,"href":"https:\/\/osmanogluinsaatkibris.com\/en\/wp-json\/wp\/v2\/pages\/773\/revisions\/16110"}],"wp:attachment":[{"href":"https:\/\/osmanogluinsaatkibris.com\/en\/wp-json\/wp\/v2\/media?parent=773"}],"curies":[{"name":"wp","href":"https:\/\/api.w.org\/{rel}","templated":true}]}}